{"id":20,"date":"2025-03-07T19:03:23","date_gmt":"2025-03-07T19:03:23","guid":{"rendered":"https:\/\/workshops.issibern.ch\/solar-eclipses\/?page_id=20"},"modified":"2025-11-14T18:17:55","modified_gmt":"2025-11-14T18:17:55","slug":"programme","status":"publish","type":"page","link":"https:\/\/workshops.issibern.ch\/solar-eclipses\/programme\/","title":{"rendered":"Program"},"content":{"rendered":"<p>The workshop will start on Monday morning at 9:30 am, 17 November and end on Friday, 21 November 2025 at noon.<\/p>\n<p>The schedule (as of 14 November 2025) is<\/p>\n<p><img loading=\"lazy\" decoding=\"async\" class=\"alignnone  wp-image-87\" src=\"https:\/\/workshops.issibern.ch\/solar-eclipses\/wp-content\/uploads\/sites\/20\/2025\/11\/schedule_20251114-270x300.png\" alt=\"\" width=\"587\" height=\"652\" srcset=\"https:\/\/workshops.issibern.ch\/solar-eclipses\/wp-content\/uploads\/sites\/20\/2025\/11\/schedule_20251114-270x300.png 270w, https:\/\/workshops.issibern.ch\/solar-eclipses\/wp-content\/uploads\/sites\/20\/2025\/11\/schedule_20251114-923x1024.png 923w, https:\/\/workshops.issibern.ch\/solar-eclipses\/wp-content\/uploads\/sites\/20\/2025\/11\/schedule_20251114-768x852.png 768w, https:\/\/workshops.issibern.ch\/solar-eclipses\/wp-content\/uploads\/sites\/20\/2025\/11\/schedule_20251114-1384x1536.png 1384w, https:\/\/workshops.issibern.ch\/solar-eclipses\/wp-content\/uploads\/sites\/20\/2025\/11\/schedule_20251114-1845x2048.png 1845w\" sizes=\"auto, (max-width: 587px) 100vw, 587px\" \/><\/p>\n<p>&nbsp;<\/p>\n<p>Your session leaders are<\/p>\n<ul>\n<li>Morphology and eclipse observations : Marco Romoli and Fr\u00e9d\u00e9ric Auch\u00e8re<\/li>\n<li>Activity and Evolution: Lika Guhathakurta and Angelos Vourlidas<\/li>\n<li>Equations of State: Marco Velli and Yeimy Rivera<\/li>\n<\/ul>\n<p>Note the three social events<\/p>\n<ul>\n<li>Monday at 5pm: <strong>Welcome reception at ISSI<\/strong><\/li>\n<li>Tuesday at 7pm: You are all welcone to attend the yearly <a href=\"https:\/\/astronomyontap.org\/locations\/bern-switzerland\/\"><strong>Astronomy on Tap<\/strong><\/a><strong> event<\/strong>. This public outreach event will feature three 15&#8242; talks on heliospheric science, among which one by Shadia Habbal and one by Lucia Kleint. The event starts at 7pm and ends around 9pm; of course, beer will be served. The event takes place at the <a href=\"https:\/\/maps.app.goo.gl\/e8dm7P5R7Tp5Pm6Z6\">Stellwerk Bern<\/a> caf\u00e9, which is next to the elevator leading from the university terrace to the railway station.<img loading=\"lazy\" decoding=\"async\" class=\"alignnone wp-image-70\" src=\"https:\/\/workshops.issibern.ch\/solar-eclipses\/wp-content\/uploads\/sites\/20\/2025\/11\/BannerAOTBernLinkedin_18November25-final-300x169.jpg\" alt=\"\" width=\"591\" height=\"333\" srcset=\"https:\/\/workshops.issibern.ch\/solar-eclipses\/wp-content\/uploads\/sites\/20\/2025\/11\/BannerAOTBernLinkedin_18November25-final-300x169.jpg 300w, https:\/\/workshops.issibern.ch\/solar-eclipses\/wp-content\/uploads\/sites\/20\/2025\/11\/BannerAOTBernLinkedin_18November25-final-1024x576.jpg 1024w, https:\/\/workshops.issibern.ch\/solar-eclipses\/wp-content\/uploads\/sites\/20\/2025\/11\/BannerAOTBernLinkedin_18November25-final-768x432.jpg 768w, https:\/\/workshops.issibern.ch\/solar-eclipses\/wp-content\/uploads\/sites\/20\/2025\/11\/BannerAOTBernLinkedin_18November25-final-1536x864.jpg 1536w, https:\/\/workshops.issibern.ch\/solar-eclipses\/wp-content\/uploads\/sites\/20\/2025\/11\/BannerAOTBernLinkedin_18November25-final.jpg 1600w\" sizes=\"auto, (max-width: 591px) 100vw, 591px\" \/><\/li>\n<li>Wednesday at 7pm: You are all invited by ISSI for the <strong>workshop dinner<\/strong> at the <a href=\"https:\/\/maps.app.goo.gl\/1ys6c2pEsPiHL8xq9\">Kornhauskeller<\/a>, Kornhausplatz 18.<\/li>\n<\/ul>\n","protected":false},"excerpt":{"rendered":"<p>The workshop will start on Monday morning at 9:30 am, 17 November and end on Friday, 21 November 2025 at noon. The schedule (as of 14 November 2025) is &nbsp; Your session leaders are Morphology and eclipse observations : Marco Romoli and Fr\u00e9d\u00e9ric Auch\u00e8re Activity and Evolution: Lika Guhathakurta and Angelos Vourlidas Equations of State: [&hellip;]<\/p>\n","protected":false},"author":6,"featured_media":0,"parent":0,"menu_order":0,"comment_status":"closed","ping_status":"closed","template":"","meta":{"footnotes":""},"class_list":["post-20","page","type-page","status-publish","hentry"],"_links":{"self":[{"href":"https:\/\/workshops.issibern.ch\/solar-eclipses\/wp-json\/wp\/v2\/pages\/20","targetHints":{"allow":["GET"]}}],"collection":[{"href":"https:\/\/workshops.issibern.ch\/solar-eclipses\/wp-json\/wp\/v2\/pages"}],"about":[{"href":"https:\/\/workshops.issibern.ch\/solar-eclipses\/wp-json\/wp\/v2\/types\/page"}],"author":[{"embeddable":true,"href":"https:\/\/workshops.issibern.ch\/solar-eclipses\/wp-json\/wp\/v2\/users\/6"}],"replies":[{"embeddable":true,"href":"https:\/\/workshops.issibern.ch\/solar-eclipses\/wp-json\/wp\/v2\/comments?post=20"}],"version-history":[{"count":16,"href":"https:\/\/workshops.issibern.ch\/solar-eclipses\/wp-json\/wp\/v2\/pages\/20\/revisions"}],"predecessor-version":[{"id":89,"href":"https:\/\/workshops.issibern.ch\/solar-eclipses\/wp-json\/wp\/v2\/pages\/20\/revisions\/89"}],"wp:attachment":[{"href":"https:\/\/workshops.issibern.ch\/solar-eclipses\/wp-json\/wp\/v2\/media?parent=20"}],"curies":[{"name":"wp","href":"https:\/\/api.w.org\/{rel}","templated":true}]}}